{"id":921,"date":"2026-01-14T11:16:03","date_gmt":"2026-01-14T11:16:03","guid":{"rendered":"https:\/\/amecosmetique.com\/product\/huile-seche-doree\/"},"modified":"2026-02-20T11:15:37","modified_gmt":"2026-02-20T10:15:37","slug":"huile-seche-doree","status":"publish","type":"product","link":"https:\/\/amecosmetique.com\/ar\/product\/huile-seche-doree\/","title":{"rendered":"\u0632\u064a\u062a \u062c\u0627\u0641 \u0630\u0647\u0628\u064a \u0644\u0644\u0648\u062c\u0647 \u0648\u0627\u0644\u0634\u0639\u0631"},"content":{"rendered":"<p>Dry Gold Oil est une huile s\u00e8che luxueuse pour le visage, le corps et les cheveux. Elle nourrit et hydrate intens\u00e9ment la peau, la laissant douce et d\u00e9licatement parfum\u00e9e, avec un parfum luxueux et longue tenue et un l\u00e9ger \u00e9clat dor\u00e9 qui illumine naturellement la peau. Sa texture l\u00e9g\u00e8re est rapidement absorb\u00e9e, transformant le soin quotidien en un moment sensoriel \u00e9l\u00e9gant et romantique.<br \/>\n\u0627\u0644\u0645\u0643\u0648\u0646\u0627\u062a \u0627\u0644\u0623\u0633\u0627\u0633\u064a\u0629 :<br \/>\n\u0632\u064a\u062a \u0632\u0647\u0631\u0629 \u0627\u0644\u0645\u0648\u0646\u0648\u064a\u060c \u0632\u064a\u062a \u062c\u0648\u0632 \u0627\u0644\u0647\u0646\u062f\u060c \u0641\u064a\u062a\u0627\u0645\u064a\u0646 E\u060c \u0632\u064a\u062a \u0628\u0630\u0648\u0631 \u0627\u0644\u0645\u0634\u0645\u0634\u060c \u0632\u064a\u062a \u0627\u0644\u0644\u0648\u0632.<\/p>\n\n    <div class=\"xs_social_share_widget xs_share_url after_content \t\tmain_content  wslu-style-1 wslu-share-box-shaped wslu-fill-colored wslu-none wslu-share-horizontal wslu-theme-font-no wslu-main_content\">\n\n\t\t\n        <ul>\n\t\t\t        <\/ul>\n    <\/div>","protected":false},"excerpt":{"rendered":"<p>\u0632\u064a\u062a \u062c\u0627\u0641 \u0630\u0647\u0628\u064a \u0644\u0644\u0648\u062c\u0647\u060c \u0627\u0644\u062c\u0633\u0645 \u0648\u0627\u0644\u0634\u0639\u0631\u060c \u064a\u063a\u0630\u064a \u0648\u064a\u0631\u0637\u0628 \u0648\u064a\u062a\u0631\u0643 \u0627\u0644\u0628\u0634\u0631\u0629 \u0646\u0627\u0639\u0645\u0629 \u0648\u062d\u0631\u064a\u0631\u064a\u0629 \u0645\u0639 \u0639\u0637\u0631 \u0641\u0627\u062e\u0631 \u064a\u062f\u0648\u0645 \u0637\u0648\u064a\u0644\u0627\u064b\u060c \u0633\u0631\u064a\u0639 \u0627\u0644\u0627\u0645\u062a\u0635\u0627\u0635\u060c \u0645\u0639 \u0644\u0645\u0633\u0629 \u0630\u0647\u0628\u064a\u0629 \u062a\u0636\u064a\u0641 \u0625\u0634\u0631\u0627\u0642\u064b\u0627 \u0644\u0644\u0628\u0634\u0631\u0629.<\/p>","protected":false},"featured_media":1548,"comment_status":"open","ping_status":"closed","template":"","meta":{"postBodyCss":"","postBodyMargin":[],"postBodyPadding":[],"postBodyBackground":{"backgroundType":"classic","gradient":""}},"product_brand":[],"product_cat":[130],"product_tag":[123],"class_list":{"0":"post-921","1":"product","2":"type-product","3":"status-publish","4":"has-post-thumbnail","6":"product_cat-visage","7":"product_tag-huile-seche-doree","9":"first","10":"instock","11":"shipping-taxable","12":"purchasable","13":"product-type-simple"},"_links":{"self":[{"href":"https:\/\/amecosmetique.com\/ar\/wp-json\/wp\/v2\/product\/921","targetHints":{"allow":["GET"]}}],"collection":[{"href":"https:\/\/amecosmetique.com\/ar\/wp-json\/wp\/v2\/product"}],"about":[{"href":"https:\/\/amecosmetique.com\/ar\/wp-json\/wp\/v2\/types\/product"}],"replies":[{"embeddable":true,"href":"https:\/\/amecosmetique.com\/ar\/wp-json\/wp\/v2\/comments?post=921"}],"version-history":[{"count":6,"href":"https:\/\/amecosmetique.com\/ar\/wp-json\/wp\/v2\/product\/921\/revisions"}],"predecessor-version":[{"id":2801,"href":"https:\/\/amecosmetique.com\/ar\/wp-json\/wp\/v2\/product\/921\/revisions\/2801"}],"wp:featuredmedia":[{"embeddable":true,"href":"https:\/\/amecosmetique.com\/ar\/wp-json\/wp\/v2\/media\/1548"}],"wp:attachment":[{"href":"https:\/\/amecosmetique.com\/ar\/wp-json\/wp\/v2\/media?parent=921"}],"wp:term":[{"taxonomy":"product_brand","embeddable":true,"href":"https:\/\/amecosmetique.com\/ar\/wp-json\/wp\/v2\/product_brand?post=921"},{"taxonomy":"product_cat","embeddable":true,"href":"https:\/\/amecosmetique.com\/ar\/wp-json\/wp\/v2\/product_cat?post=921"},{"taxonomy":"product_tag","embeddable":true,"href":"https:\/\/amecosmetique.com\/ar\/wp-json\/wp\/v2\/product_tag?post=921"}],"curies":[{"name":"wp","href":"https:\/\/api.w.org\/{rel}","templated":true}]}}